{"id":151,"date":"2020-06-17T20:05:17","date_gmt":"2020-06-17T19:05:17","guid":{"rendered":"https:\/\/tradenauta.com\/hotelaeroporto\/?page_id=151"},"modified":"2020-08-04T15:50:29","modified_gmt":"2020-08-04T14:50:29","slug":"equipements","status":"publish","type":"page","link":"https:\/\/tradenauta.com\/hotelaeroporto\/fr\/equipements\/","title":{"rendered":"\u00c9quipements"},"content":{"rendered":"<p>Que vous voyagiez pour le plaisir ou pour les affaires, nous avons un ensemble complet de services pour rendre votre s\u00e9jour agr\u00e9able et rentable. Notre personnel est sympathique, attentionn\u00e9 et professionnel, toujours pr\u00eat \u00e0 vous aider avec tout ce dont vous avez besoin pour que vous ne manquiez de rien et que vous vous sentiez vraiment chez vous.<\/p>\n<p>Nous avons le nettoyage des chambres, la blanchisserie, les r\u00e9servations de location de voitures, les appels de r\u00e9veil, les coffres-forts, le parking, Internet gratuit, le Wi-Fi gratuit dans tout l&#8217;h\u00f4tel, le chauffage avec climatisation, un s\u00e8che-cheveux \u00e0 disposition et une machine \u00e0 nettoyer les chaussures.<\/p>\n<h3>Bar<\/h3>\n<p><img loading=\"lazy\" class=\"alignnone size-full wp-image-176\" src=\"https:\/\/tradenauta.com\/hotelaeroporto\/wp-content\/uploads\/rececionista-2.jpg\" alt=\"\" width=\"1250\" height=\"868\" srcset=\"https:\/\/tradenauta.com\/hotelaeroporto\/wp-content\/uploads\/rececionista-2.jpg 1250w, https:\/\/tradenauta.com\/hotelaeroporto\/wp-content\/uploads\/rececionista-2-300x208.jpg 300w, https:\/\/tradenauta.com\/hotelaeroporto\/wp-content\/uploads\/rececionista-2-1024x711.jpg 1024w, https:\/\/tradenauta.com\/hotelaeroporto\/wp-content\/uploads\/rececionista-2-768x533.jpg 768w\" sizes=\"(max-width: 1250px) 100vw, 1250px\" \/>Le service de bar est disponible 24h \/ 24 toute l&#8217;ann\u00e9e.<br \/>\nC&#8217;est le point de rencontre pour un verre informel \u00e0 l&#8217;arriv\u00e9e, dans une ambiance d\u00e9tendue. Les jours de match importants, vous pouvez voir SportTV-1 SportTV-2 sur le grand \u00e9cran LCD du hall. Ici aussi, comme tout notre espace, il dispose d&#8217;Internet sans fil gratuit.<\/p>\n<p>&nbsp;<\/p>\n<h3>Buffet<\/h3>\n<p><img loading=\"lazy\" class=\"alignnone size-full wp-image-198\" src=\"https:\/\/tradenauta.com\/hotelaeroporto\/wp-content\/uploads\/pequeno-almoco-2.jpg\" alt=\"\" width=\"1280\" height=\"600\" srcset=\"https:\/\/tradenauta.com\/hotelaeroporto\/wp-content\/uploads\/pequeno-almoco-2.jpg 1280w, https:\/\/tradenauta.com\/hotelaeroporto\/wp-content\/uploads\/pequeno-almoco-2-300x141.jpg 300w, https:\/\/tradenauta.com\/hotelaeroporto\/wp-content\/uploads\/pequeno-almoco-2-1024x480.jpg 1024w, https:\/\/tradenauta.com\/hotelaeroporto\/wp-content\/uploads\/pequeno-almoco-2-768x360.jpg 768w\" sizes=\"(max-width: 1280px) 100vw, 1280px\" \/><\/p>\n<p>Le petit-d\u00e9jeuner est pr\u00e9sent\u00e9 \u00e0 des horaires prolong\u00e9s, toujours de 5h00 \u00e0 10h30.<br \/>\nIl est compos\u00e9 de:<br \/>\n* Du jus d&#8217;orange<br \/>\n* Pain frais et croissants<br \/>\n* Beurre<br \/>\n* Jambon<br \/>\n* Les fromages<br \/>\n* Confitures<br \/>\n* Marmelade<br \/>\n* Flocons naturels et complets, accompagn\u00e9s de: caf\u00e9 de qualit\u00e9, caf\u00e9 au lait, lait chaud ou froid, cappuccino de type italien, chocolat chaud, th\u00e9s vari\u00e9s, eau min\u00e9rale.<\/p>\n<p>Vous pouvez \u00e9galement profiter d&#8217;une salle de r\u00e9union o\u00f9 vous pouvez travailler avec toute l&#8217;intimit\u00e9 que vous souhaitez, \u00e0 un prix tr\u00e8s comp\u00e9titif.<\/p>\n","protected":false},"excerpt":{"rendered":"<p>Que vous voyagiez pour le plaisir ou pour les affaires, nous avons un ensemble complet de services pour rendre votre s\u00e9jour agr\u00e9able et rentable. Notre personnel est sympathique, attentionn\u00e9 et professionnel, toujours pr\u00eat \u00e0 vous aider avec tout ce dont vous avez besoin pour que vous ne manquiez de rien et que vous vous sentiez &hellip; <a href=\"https:\/\/tradenauta.com\/hotelaeroporto\/fr\/equipements\/\" class=\"more-link\">Continuar a ler<span class=\"screen-reader-text\">\u00c9quipements<\/span> <span class=\"meta-nav\">&rarr;<\/span><\/a><\/p>\n","protected":false},"author":1,"featured_media":90,"parent":0,"menu_order":0,"comment_status":"closed","ping_status":"closed","template":"","meta":[],"_links":{"self":[{"href":"https:\/\/tradenauta.com\/hotelaeroporto\/wp-json\/wp\/v2\/pages\/151"}],"collection":[{"href":"https:\/\/tradenauta.com\/hotelaeroporto\/wp-json\/wp\/v2\/pages"}],"about":[{"href":"https:\/\/tradenauta.com\/hotelaeroporto\/wp-json\/wp\/v2\/types\/page"}],"author":[{"embeddable":true,"href":"https:\/\/tradenauta.com\/hotelaeroporto\/wp-json\/wp\/v2\/users\/1"}],"replies":[{"embeddable":true,"href":"https:\/\/tradenauta.com\/hotelaeroporto\/wp-json\/wp\/v2\/comments?post=151"}],"version-history":[{"count":4,"href":"https:\/\/tradenauta.com\/hotelaeroporto\/wp-json\/wp\/v2\/pages\/151\/revisions"}],"predecessor-version":[{"id":382,"href":"https:\/\/tradenauta.com\/hotelaeroporto\/wp-json\/wp\/v2\/pages\/151\/revisions\/382"}],"wp:featuredmedia":[{"embeddable":true,"href":"https:\/\/tradenauta.com\/hotelaeroporto\/wp-json\/wp\/v2\/media\/90"}],"wp:attachment":[{"href":"https:\/\/tradenauta.com\/hotelaeroporto\/wp-json\/wp\/v2\/media?parent=151"}],"curies":[{"name":"wp","href":"https:\/\/api.w.org\/{rel}","templated":true}]}}