{"id":22,"date":"2020-03-27T12:13:07","date_gmt":"2020-03-27T12:13:07","guid":{"rendered":"https:\/\/tradenauta.com\/hotelaeroporto\/?page_id=22"},"modified":"2020-06-17T20:00:15","modified_gmt":"2020-06-17T19:00:15","slug":"boas-vindas","status":"publish","type":"page","link":"https:\/\/tradenauta.com\/hotelaeroporto\/","title":{"rendered":"Boas vindas"},"content":{"rendered":"<p>Situado apenas a 4 minutos do Aeroporto Francisco S\u00e1 Carneiro, o Hotel Aeroporto apresenta recep\u00e7\u00e3o 24 horas, acesso Wi-Fi gratuito e quartos climatizados com casa de banho privativa.<\/p>\n<div class=\"scroll\">\n<p>Os quartos do Aeroporto s\u00e3o alcatifados e disp\u00f5em de uma decora\u00e7\u00e3o simples com madeira escura. Incluem televis\u00e3o e uma secret\u00e1ria.<\/p>\n<p>Os h\u00f3spedes podem come\u00e7ar o dia, todas as manh\u00e3s, com um excelente pequeno almo\u00e7o. O Hotel Aeroporto possui estacionamento gratuito no local e os funcion\u00e1rios podem providenciar servi\u00e7o de aluguer de autom\u00f3veis.<\/p>\n<p>A Esta\u00e7\u00e3o de Metro Botica fica a 5 minutos a p\u00e9 e faculta acesso aos principais pontos tur\u00edsticos da cidade do Porto. A Foz do Douro, considerada Patrim\u00f3nio Mundial Natural, encontra-se apenas a 20 minutos de carro.<\/p>\n<\/div>\n","protected":false},"excerpt":{"rendered":"<p>Situado apenas a 4 minutos do Aeroporto Francisco S\u00e1 Carneiro, o Hotel Aeroporto apresenta recep\u00e7\u00e3o 24 horas, acesso Wi-Fi gratuito e quartos climatizados com casa de banho privativa. Os quartos do Aeroporto s\u00e3o alcatifados e disp\u00f5em de uma decora\u00e7\u00e3o simples com madeira escura. Incluem televis\u00e3o e uma secret\u00e1ria. Os h\u00f3spedes podem come\u00e7ar o dia, todas &hellip; <a href=\"https:\/\/tradenauta.com\/hotelaeroporto\/\" class=\"more-link\">Continuar a ler<span class=\"screen-reader-text\">Boas vindas<\/span> <span class=\"meta-nav\">&rarr;<\/span><\/a><\/p>\n","protected":false},"author":1,"featured_media":0,"parent":0,"menu_order":0,"comment_status":"closed","ping_status":"closed","template":"home.php","meta":[],"_links":{"self":[{"href":"https:\/\/tradenauta.com\/hotelaeroporto\/wp-json\/wp\/v2\/pages\/22"}],"collection":[{"href":"https:\/\/tradenauta.com\/hotelaeroporto\/wp-json\/wp\/v2\/pages"}],"about":[{"href":"https:\/\/tradenauta.com\/hotelaeroporto\/wp-json\/wp\/v2\/types\/page"}],"author":[{"embeddable":true,"href":"https:\/\/tradenauta.com\/hotelaeroporto\/wp-json\/wp\/v2\/users\/1"}],"replies":[{"embeddable":true,"href":"https:\/\/tradenauta.com\/hotelaeroporto\/wp-json\/wp\/v2\/comments?post=22"}],"version-history":[{"count":3,"href":"https:\/\/tradenauta.com\/hotelaeroporto\/wp-json\/wp\/v2\/pages\/22\/revisions"}],"predecessor-version":[{"id":92,"href":"https:\/\/tradenauta.com\/hotelaeroporto\/wp-json\/wp\/v2\/pages\/22\/revisions\/92"}],"wp:attachment":[{"href":"https:\/\/tradenauta.com\/hotelaeroporto\/wp-json\/wp\/v2\/media?parent=22"}],"curies":[{"name":"wp","href":"https:\/\/api.w.org\/{rel}","templated":true}]}}