{"id":29,"date":"2020-03-27T12:13:07","date_gmt":"2020-03-27T12:13:07","guid":{"rendered":"https:\/\/tradenauta.com\/hotelaeroporto\/?page_id=29"},"modified":"2020-07-27T12:02:02","modified_gmt":"2020-07-27T11:02:02","slug":"bienvenue","status":"publish","type":"page","link":"https:\/\/tradenauta.com\/hotelaeroporto\/fr\/","title":{"rendered":"Bienvenue"},"content":{"rendered":"<p>Situ\u00e9 \u00e0 4 minutes \u00e0 peine de l\u2019a\u00e9roport Francisco S\u00e1 Carneiro, l\u2019H\u00f4tel Aeroporto dispose d\u2019une r\u00e9ception ouverte 24h\/24, d\u2019une connexion Wifi gratuite et de chambres climatis\u00e9es avec salle de bain et WC priv\u00e9s.<\/p>\n<p>Les chambres sont rev\u00eatues de moquette et disposent d\u2019une d\u00e9coration simple en bois sombre. Elles sont \u00e9quip\u00e9es d\u2019une t\u00e9l\u00e9vision et d\u2019un bureau.<\/p>\n<p>Les clients peuvent commencer leur journ\u00e9e, tous les matins, avec un excellent petit-d\u00e9jeuner. L\u2019H\u00f4tel poss\u00e8de un parking gratuit sur place et les employ\u00e9s peuvent fournir des informations concernant la location de voitures.<\/p>\n<p>La station de m\u00e9tro Botica se trouve \u00e0 5 minutes \u00e0 pied et permet de rejoindre les principaux sites touristiques de la ville de Porto. L\u2019embouchure du Douro, class\u00e9e Patrimoine Mondial Naturel se trouve \u00e0 environ 20 minutes en voiture.<\/p>\n","protected":false},"excerpt":{"rendered":"<p>Situ\u00e9 \u00e0 4 minutes \u00e0 peine de l\u2019a\u00e9roport Francisco S\u00e1 Carneiro, l\u2019H\u00f4tel Aeroporto dispose d\u2019une r\u00e9ception ouverte 24h\/24, d\u2019une connexion Wifi gratuite et de chambres climatis\u00e9es avec salle de bain et WC priv\u00e9s. Les chambres sont rev\u00eatues de moquette et disposent d\u2019une d\u00e9coration simple en bois sombre. Elles sont \u00e9quip\u00e9es d\u2019une t\u00e9l\u00e9vision et d\u2019un bureau. &hellip; <a href=\"https:\/\/tradenauta.com\/hotelaeroporto\/fr\/\" class=\"more-link\">Continuar a ler<span class=\"screen-reader-text\">Bienvenue<\/span> <span class=\"meta-nav\">&rarr;<\/span><\/a><\/p>\n","protected":false},"author":1,"featured_media":0,"parent":0,"menu_order":0,"comment_status":"closed","ping_status":"closed","template":"home.php","meta":[],"_links":{"self":[{"href":"https:\/\/tradenauta.com\/hotelaeroporto\/wp-json\/wp\/v2\/pages\/29"}],"collection":[{"href":"https:\/\/tradenauta.com\/hotelaeroporto\/wp-json\/wp\/v2\/pages"}],"about":[{"href":"https:\/\/tradenauta.com\/hotelaeroporto\/wp-json\/wp\/v2\/types\/page"}],"author":[{"embeddable":true,"href":"https:\/\/tradenauta.com\/hotelaeroporto\/wp-json\/wp\/v2\/users\/1"}],"replies":[{"embeddable":true,"href":"https:\/\/tradenauta.com\/hotelaeroporto\/wp-json\/wp\/v2\/comments?post=29"}],"version-history":[{"count":2,"href":"https:\/\/tradenauta.com\/hotelaeroporto\/wp-json\/wp\/v2\/pages\/29\/revisions"}],"predecessor-version":[{"id":163,"href":"https:\/\/tradenauta.com\/hotelaeroporto\/wp-json\/wp\/v2\/pages\/29\/revisions\/163"}],"wp:attachment":[{"href":"https:\/\/tradenauta.com\/hotelaeroporto\/wp-json\/wp\/v2\/media?parent=29"}],"curies":[{"name":"wp","href":"https:\/\/api.w.org\/{rel}","templated":true}]}}