{"id":46,"date":"2020-03-27T16:40:19","date_gmt":"2020-03-27T16:40:19","guid":{"rendered":"https:\/\/tradenauta.com\/hotelaeroporto\/?page_id=46"},"modified":"2020-07-27T13:17:35","modified_gmt":"2020-07-27T12:17:35","slug":"chambres","status":"publish","type":"page","link":"https:\/\/tradenauta.com\/hotelaeroporto\/fr\/chambres\/","title":{"rendered":"Chambres"},"content":{"rendered":"<p>Les chambres sont \u00e9quip\u00e9es de:<\/p>\n<ul>\n<li>Climatisation<\/li>\n<li>Matelas orthop\u00e9diques confortables<\/li>\n<li>Oreillers de qualit\u00e9<\/li>\n<li>Tables de chevet<\/li>\n<li>Armoire<\/li>\n<li>Miroir<\/li>\n<li>T\u00e9l\u00e9vision LCD par c\u00e2ble<\/li>\n<li>Table de travail<\/li>\n<li>T\u00e9l\u00e9phone<\/li>\n<li>Connexion Wifi \u00e0 Internet (service gratuit)<\/li>\n<li>Salle de bain et WC priv\u00e9s avec articles d\u2019hygi\u00e8ne personnelle<\/li>\n<\/ul>\n\t                <ul class=\"easy-image-gallery thumbnails-7 linked\">\r\n                    <li><a rel=\"prettyPhoto[group-150]\" href=\"https:\/\/tradenauta.com\/hotelaeroporto\/wp-content\/uploads\/quarto-casal-2-1024x694.jpg\" class=\"eig-popup\" title=\"\" data-caption=\"\" target=\"_blank\"><i class=\"icon-view\"><\/i><span class=\"overlay\"><\/span><img width=\"150\" height=\"150\" src=\"https:\/\/tradenauta.com\/hotelaeroporto\/wp-content\/uploads\/quarto-casal-2-150x150.jpg\" class=\"attachment-thumbnail size-thumbnail\" alt=\"\" loading=\"lazy\" \/><\/a><\/li><li><a rel=\"prettyPhoto[group-150]\" href=\"https:\/\/tradenauta.com\/hotelaeroporto\/wp-content\/uploads\/quarto-casal-2-3-1024x694.jpg\" class=\"eig-popup\" title=\"\" data-caption=\"\" target=\"_blank\"><i class=\"icon-view\"><\/i><span class=\"overlay\"><\/span><img width=\"150\" height=\"150\" src=\"https:\/\/tradenauta.com\/hotelaeroporto\/wp-content\/uploads\/quarto-casal-2-3-150x150.jpg\" class=\"attachment-thumbnail size-thumbnail\" alt=\"\" loading=\"lazy\" \/><\/a><\/li><li><a rel=\"prettyPhoto[group-150]\" href=\"https:\/\/tradenauta.com\/hotelaeroporto\/wp-content\/uploads\/quarto-espelho-wc-2-1024x694.jpg\" class=\"eig-popup\" title=\"\" data-caption=\"\" target=\"_blank\"><i class=\"icon-view\"><\/i><span class=\"overlay\"><\/span><img width=\"150\" height=\"150\" src=\"https:\/\/tradenauta.com\/hotelaeroporto\/wp-content\/uploads\/quarto-espelho-wc-2-150x150.jpg\" class=\"attachment-thumbnail size-thumbnail\" alt=\"\" loading=\"lazy\" \/><\/a><\/li><li><a rel=\"prettyPhoto[group-150]\" href=\"https:\/\/tradenauta.com\/hotelaeroporto\/wp-content\/uploads\/quarto-individual-twin-2-1024x694.jpg\" class=\"eig-popup\" title=\"\" data-caption=\"\" target=\"_blank\"><i class=\"icon-view\"><\/i><span class=\"overlay\"><\/span><img width=\"150\" height=\"150\" src=\"https:\/\/tradenauta.com\/hotelaeroporto\/wp-content\/uploads\/quarto-individual-twin-2-150x150.jpg\" class=\"attachment-thumbnail size-thumbnail\" alt=\"\" loading=\"lazy\" \/><\/a><\/li><li><a rel=\"prettyPhoto[group-150]\" href=\"https:\/\/tradenauta.com\/hotelaeroporto\/wp-content\/uploads\/quarto-quadruplo-2-1024x694.jpg\" class=\"eig-popup\" title=\"\" data-caption=\"\" target=\"_blank\"><i class=\"icon-view\"><\/i><span class=\"overlay\"><\/span><img width=\"150\" height=\"150\" src=\"https:\/\/tradenauta.com\/hotelaeroporto\/wp-content\/uploads\/quarto-quadruplo-2-150x150.jpg\" class=\"attachment-thumbnail size-thumbnail\" alt=\"\" loading=\"lazy\" \/><\/a><\/li><li><a rel=\"prettyPhoto[group-150]\" href=\"https:\/\/tradenauta.com\/hotelaeroporto\/wp-content\/uploads\/quarto-triplo-2-1024x694.jpg\" class=\"eig-popup\" title=\"\" data-caption=\"\" target=\"_blank\"><i class=\"icon-view\"><\/i><span class=\"overlay\"><\/span><img width=\"150\" height=\"150\" src=\"https:\/\/tradenauta.com\/hotelaeroporto\/wp-content\/uploads\/quarto-triplo-2-150x150.jpg\" class=\"attachment-thumbnail size-thumbnail\" alt=\"\" loading=\"lazy\" \/><\/a><\/li><li><a rel=\"prettyPhoto[group-150]\" href=\"https:\/\/tradenauta.com\/hotelaeroporto\/wp-content\/uploads\/quarto-secretaria-armario-janelas-1024x694.jpg\" class=\"eig-popup\" title=\"\" data-caption=\"\" target=\"_blank\"><i class=\"icon-view\"><\/i><span class=\"overlay\"><\/span><img width=\"150\" height=\"150\" src=\"https:\/\/tradenauta.com\/hotelaeroporto\/wp-content\/uploads\/quarto-secretaria-armario-janelas-150x150.jpg\" class=\"attachment-thumbnail size-thumbnail\" alt=\"\" loading=\"lazy\" \/><\/a><\/li><\/ul>\n","protected":false},"excerpt":{"rendered":"<p>Les chambres sont \u00e9quip\u00e9es de: Climatisation Matelas orthop\u00e9diques confortables Oreillers de qualit\u00e9 Tables de chevet Armoire Miroir T\u00e9l\u00e9vision LCD par c\u00e2ble Table de travail T\u00e9l\u00e9phone Connexion Wifi \u00e0 Internet (service gratuit) Salle de bain et WC priv\u00e9s avec articles d\u2019hygi\u00e8ne personnelle<\/p>\n","protected":false},"author":1,"featured_media":109,"parent":0,"menu_order":0,"comment_status":"closed","ping_status":"closed","template":"","meta":[],"_links":{"self":[{"href":"https:\/\/tradenauta.com\/hotelaeroporto\/wp-json\/wp\/v2\/pages\/46"}],"collection":[{"href":"https:\/\/tradenauta.com\/hotelaeroporto\/wp-json\/wp\/v2\/pages"}],"about":[{"href":"https:\/\/tradenauta.com\/hotelaeroporto\/wp-json\/wp\/v2\/types\/page"}],"author":[{"embeddable":true,"href":"https:\/\/tradenauta.com\/hotelaeroporto\/wp-json\/wp\/v2\/users\/1"}],"replies":[{"embeddable":true,"href":"https:\/\/tradenauta.com\/hotelaeroporto\/wp-json\/wp\/v2\/comments?post=46"}],"version-history":[{"count":4,"href":"https:\/\/tradenauta.com\/hotelaeroporto\/wp-json\/wp\/v2\/pages\/46\/revisions"}],"predecessor-version":[{"id":189,"href":"https:\/\/tradenauta.com\/hotelaeroporto\/wp-json\/wp\/v2\/pages\/46\/revisions\/189"}],"wp:featuredmedia":[{"embeddable":true,"href":"https:\/\/tradenauta.com\/hotelaeroporto\/wp-json\/wp\/v2\/media\/109"}],"wp:attachment":[{"href":"https:\/\/tradenauta.com\/hotelaeroporto\/wp-json\/wp\/v2\/media?parent=46"}],"curies":[{"name":"wp","href":"https:\/\/api.w.org\/{rel}","templated":true}]}}